{"id":6,"date":"2026-05-13T09:58:44","date_gmt":"2026-05-13T09:58:44","guid":{"rendered":"https:\/\/gazafamily.eu\/?page_id=6"},"modified":"2026-05-13T10:02:12","modified_gmt":"2026-05-13T10:02:12","slug":"collecte-de-fonds-pour-asmaa-hamada-yamin-line-et-reem","status":"publish","type":"page","link":"https:\/\/gazafamily.eu\/es\/","title":{"rendered":"Recaudaci\u00f3n de fondos para Asmaa, Hamada, Yamin, Line y Reem."},"content":{"rendered":"\n<figure class=\"wp-block-image size-full is-resized\"><img loading=\"lazy\" decoding=\"async\" width=\"867\" height=\"586\" src=\"https:\/\/gazafamily.eu\/wp-content\/uploads\/2026\/05\/WhatsApp-Image-2026-05-07-at-10.51.38-1.jpeg\" alt=\"\" class=\"wp-image-8\" style=\"width:530px;height:auto\" srcset=\"https:\/\/gazafamily.eu\/wp-content\/uploads\/2026\/05\/WhatsApp-Image-2026-05-07-at-10.51.38-1.jpeg 867w, https:\/\/gazafamily.eu\/wp-content\/uploads\/2026\/05\/WhatsApp-Image-2026-05-07-at-10.51.38-1-300x203.jpeg 300w, https:\/\/gazafamily.eu\/wp-content\/uploads\/2026\/05\/WhatsApp-Image-2026-05-07-at-10.51.38-1-768x519.jpeg 768w\" sizes=\"auto, (max-width: 867px) 100vw, 867px\" \/><\/figure>\n\n\n\n<p><strong>Me llamo Aur\u00e9lien y hoy estoy recaudando fondos para Asmaa, Yamin, Line y Reem: la esposa y los tres hijos de mi amigo Hamada. Son originarios de Gaza, en Palestina.<\/strong><\/p>\n\n\n\n<p><strong>Hace dos a\u00f1os, durante la guerra, fue posible sacar a la familia de Gaza hacia Egipto gracias a Fabienne, quien financi\u00f3 su evacuaci\u00f3n. Asmaa y los tres ni\u00f1os \u2013 de 16, 14 y 10 a\u00f1os \u2013 est\u00e1n atrapados en El Cairo desde entonces. Hamada tiene papeles de refugiado griegos, pero al no poder mantenerlos desde Grecia, regres\u00f3 a Bruselas, donde lo conocimos, y donde ha estado trabajando ilegalmente para pagar su alquiler, comida, escuela y medicamentos\u2026<\/strong><\/p>\n\n\n\n<p><strong>Asmaa ha perdido casi toda su familia. Hamada ha perdido a 80 miembros de su familia extendida. Sus padres siguen en Gaza, viviendo en tiendas de campa\u00f1a sin ayuda humanitaria.<\/strong><\/p>\n\n\n\n<p><strong>Hamada est\u00e1 ahora en Espa\u00f1a conmigo. Queremos evitar que su estado f\u00edsico y psicol\u00f3gico se deteriore a\u00fan m\u00e1s, ya que ya no puede mantener solo a su familia en Egipto, encontr\u00e1ndose \u00e9l mismo en una situaci\u00f3n dif\u00edcil. Sus padres y muchos otros familiares siguen en Gaza.<\/strong><\/p>\n\n\n\n<p><strong>Asmaa y los ni\u00f1os en El Cairo necesitan unos 1.000 \u20ac al mes para vivir. Fijamos el objetivo de la colecta en 12.000 \u20ac para poder cubrir sus necesidades durante al menos un a\u00f1o.<\/strong><\/p>\n\n\n\n<p><strong>Espa\u00f1a acaba de abrir un primer proceso de regularizaci\u00f3n para 500.000 personas sin papeles. El objetivo de esta campa\u00f1a: establecer un apoyo mensual regular para cubrir su alquiler, comida, atenci\u00f3n m\u00e9dica y escolarizaci\u00f3n durante los pr\u00f3ximos meses, mientras se perfila una soluci\u00f3n m\u00e1s estable.<\/strong><\/p>\n\n\n\n<p><strong>Un donativo puntual ya es valioso, pero es el donativo mensual regular el que realmente cambiar\u00e1 sus vidas. Incluso 5, 10 o 25 \u20ac al mes, acumulados, les ayudar\u00e1n a recuperar la estabilidad para vivir, estudiar y reconstruirse. Hamada y su familia son allegados que conocemos personalmente. Por eso, contamos con la solidaridad \u2013 de todas las personas que puedan participar apadrinando a la familia y compartiendo esta campa\u00f1a a su alrededor.<\/strong><\/p>\n\n\n\n<p><strong>Por adelantado, \u00a1GRACIAS!<\/strong><\/p>\n","protected":false},"excerpt":{"rendered":"<p>Me llamo Aur\u00e9lien y hoy estoy recaudando fondos para Asmaa, Yamin, Line y Reem: la esposa y los tres hijos [&hellip;]<\/p>\n","protected":false},"author":1,"featured_media":0,"parent":0,"menu_order":0,"comment_status":"closed","ping_status":"closed","template":"","meta":{"site-sidebar-layout":"default","site-content-layout":"","ast-site-content-layout":"default","site-content-style":"default","site-sidebar-style":"default","ast-global-header-display":"","ast-banner-title-visibility":"","ast-main-header-display":"","ast-hfb-above-header-display":"","ast-hfb-below-header-display":"","ast-hfb-mobile-header-display":"","site-post-title":"","ast-breadcrumbs-content":"","ast-featured-img":"","footer-sml-layout":"","ast-disable-related-posts":"","theme-transparent-header-meta":"","adv-header-id-meta":"","stick-header-meta":"","header-above-stick-meta":"","header-main-stick-meta":"","header-below-stick-meta":"","astra-migrate-meta-layouts":"default","ast-page-background-enabled":"default","ast-page-background-meta":{"desktop":{"background-color":"var(--ast-global-color-5)","background-image":"","background-repeat":"repeat","background-position":"center center","background-size":"auto","background-attachment":"scroll","background-type":"","background-media":"","overlay-type":"","overlay-color":"","overlay-opacity":"","overlay-gradient":""},"tablet":{"background-color":"","background-image":"","background-repeat":"repeat","background-position":"center center","background-size":"auto","background-attachment":"scroll","background-type":"","background-media":"","overlay-type":"","overlay-color":"","overlay-opacity":"","overlay-gradient":""},"mobile":{"background-color":"","background-image":"","background-repeat":"repeat","background-position":"center center","background-size":"auto","background-attachment":"scroll","background-type":"","background-media":"","overlay-type":"","overlay-color":"","overlay-opacity":"","overlay-gradient":""}},"ast-content-background-meta":{"desktop":{"background-color":"var(--ast-global-color-4)","background-image":"","background-repeat":"repeat","background-position":"center center","background-size":"auto","background-attachment":"scroll","background-type":"","background-media":"","overlay-type":"","overlay-color":"","overlay-opacity":"","overlay-gradient":""},"tablet":{"background-color":"var(--ast-global-color-4)","background-image":"","background-repeat":"repeat","background-position":"center center","background-size":"auto","background-attachment":"scroll","background-type":"","background-media":"","overlay-type":"","overlay-color":"","overlay-opacity":"","overlay-gradient":""},"mobile":{"background-color":"var(--ast-global-color-4)","background-image":"","background-repeat":"repeat","background-position":"center center","background-size":"auto","background-attachment":"scroll","background-type":"","background-media":"","overlay-type":"","overlay-color":"","overlay-opacity":"","overlay-gradient":""}},"footnotes":""},"class_list":["post-6","page","type-page","status-publish","hentry"],"_links":{"self":[{"href":"https:\/\/gazafamily.eu\/es\/wp-json\/wp\/v2\/pages\/6","targetHints":{"allow":["GET"]}}],"collection":[{"href":"https:\/\/gazafamily.eu\/es\/wp-json\/wp\/v2\/pages"}],"about":[{"href":"https:\/\/gazafamily.eu\/es\/wp-json\/wp\/v2\/types\/page"}],"author":[{"embeddable":true,"href":"https:\/\/gazafamily.eu\/es\/wp-json\/wp\/v2\/users\/1"}],"replies":[{"embeddable":true,"href":"https:\/\/gazafamily.eu\/es\/wp-json\/wp\/v2\/comments?post=6"}],"version-history":[{"count":4,"href":"https:\/\/gazafamily.eu\/es\/wp-json\/wp\/v2\/pages\/6\/revisions"}],"predecessor-version":[{"id":14,"href":"https:\/\/gazafamily.eu\/es\/wp-json\/wp\/v2\/pages\/6\/revisions\/14"}],"wp:attachment":[{"href":"https:\/\/gazafamily.eu\/es\/wp-json\/wp\/v2\/media?parent=6"}],"curies":[{"name":"wp","href":"https:\/\/api.w.org\/{rel}","templated":true}]}}